{"id":30,"date":"2017-01-18T11:21:16","date_gmt":"2017-01-18T08:21:16","guid":{"rendered":"http:\/\/klombard.ee\/?page_id=30"},"modified":"2026-02-21T16:09:03","modified_gmt":"2026-02-21T13:09:03","slug":"%d0%ba%d0%be%d0%bd%d1%82%d0%b0%d0%ba%d1%82%d1%8b","status":"publish","type":"page","link":"https:\/\/www.klombard.ee\/ru\/%d0%ba%d0%be%d0%bd%d1%82%d0%b0%d0%ba%d1%82%d1%8b\/","title":{"rendered":"\u041a\u043e\u043d\u0442\u0430\u043a\u0442"},"content":{"rendered":"<p>\u041f\u043e\u0441\u043c\u043e\u0442\u0440\u0438\u0442\u0435 \u0433\u0434\u0435 \u043c\u044b \u043d\u0430\u0445\u043e\u0434\u0438\u043c\u0441\u044f:<br \/>\n\u041e\u0441\u0442\u0430\u043d\u043e\u0432\u043a\u0430 &#171;Kunstiakadeemia&#187; 150 \u043c\u0435\u0442\u0440\u043e\u0432 \u0431\u0430\u0440 &#171;\u0160e\u0161-Be\u0161&#187; Hotell G9 \u043f\u0435\u0440\u0432\u044b\u0439 \u043f\u043e\u0432\u043e\u0440\u043e\u0442 \u043d\u0430\u043f\u0440\u0430\u0432\u043e (\u0432\u0445\u043e\u0434 \u0441\u043e \u0434\u0432\u043e\u0440\u0430) .<br \/>\n<div id=\"wpgmza_map\" class=\"wpgmza_map\" data-settings=\"{&quot;id&quot;:&quot;1&quot;,&quot;map_title&quot;:&quot;Kesklinna Lombard&quot;,&quot;map_width&quot;:&quot;100&quot;,&quot;map_height&quot;:&quot;300&quot;,&quot;map_start_lat&quot;:&quot;59.436361&quot;,&quot;map_start_lng&quot;:&quot;24.760728&quot;,&quot;map_start_location&quot;:&quot;59.436361347506676,24.76072807330638&quot;,&quot;map_start_zoom&quot;:&quot;17&quot;,&quot;default_marker&quot;:&quot;0&quot;,&quot;type&quot;:&quot;1&quot;,&quot;alignment&quot;:&quot;1&quot;,&quot;directions_enabled&quot;:&quot;1&quot;,&quot;styling_enabled&quot;:&quot;0&quot;,&quot;styling_json&quot;:&quot;&quot;,&quot;active&quot;:&quot;0&quot;,&quot;kml&quot;:&quot;&quot;,&quot;bicycle&quot;:&quot;0&quot;,&quot;traffic&quot;:&quot;0&quot;,&quot;dbox&quot;:&quot;1&quot;,&quot;dbox_width&quot;:&quot;100&quot;,&quot;listmarkers&quot;:&quot;0&quot;,&quot;listmarkers_advanced&quot;:&quot;0&quot;,&quot;filterbycat&quot;:&quot;0&quot;,&quot;ugm_enabled&quot;:&quot;0&quot;,&quot;ugm_category_enabled&quot;:&quot;0&quot;,&quot;fusion&quot;:&quot;&quot;,&quot;map_width_type&quot;:&quot;\\\\%&quot;,&quot;map_height_type&quot;:&quot;px&quot;,&quot;mass_marker_support&quot;:&quot;1&quot;,&quot;ugm_access&quot;:&quot;0&quot;,&quot;order_markers_by&quot;:&quot;1&quot;,&quot;order_markers_choice&quot;:&quot;2&quot;,&quot;show_user_location&quot;:&quot;0&quot;,&quot;default_to&quot;:&quot;&quot;,&quot;other_settings&quot;:{&quot;store_locator_enabled&quot;:2,&quot;store_locator_distance&quot;:2,&quot;store_locator_bounce&quot;:1,&quot;store_locator_query_string&quot;:&quot;ZIP \\\/ Address:10117&quot;,&quot;store_locator_default_address&quot;:&quot;Manee\\u017ei 7, Tallinn&quot;,&quot;wpgmza_store_locator_restrict&quot;:&quot;ee&quot;,&quot;map_max_zoom&quot;:&quot;1&quot;,&quot;transport_layer&quot;:0,&quot;wpgmza_theme_data&quot;:&quot;&quot;}}\" data-map-id='1' Data-maps-engine='' data-shortcode-attributes=\"{&quot;id&quot;:&quot;1&quot;}\" style=\"display:block; overflow:auto; width:100%; height:300px; float:left;\"><\/div><\/p>\n<div style=\"position: relative; top: 13px;\">\n<style id=\"bwg-style-0\">    #bwg_container1_0 #bwg_container2_0 .bwg-container-0.bwg-standard-thumbnails {      width: 469px;              justify-content: center;        margin:0 auto !important;              background-color: rgba(255, 255, 255, 0.00);            padding-left: 4px;      padding-top: 4px;      max-width: 100%;            }        #bwg_container1_0 #bwg_container2_0 .bwg-container-0.bwg-standard-thumbnails .bwg-item {    justify-content: flex-start;      max-width: 155px;          }    #bwg_container1_0 #bwg_container2_0 .bwg-container-0.bwg-standard-thumbnails .bwg-item a {       margin-right: 4px;       margin-bottom: 4px;    }    #bwg_container1_0 #bwg_container2_0 .bwg-container-0.bwg-standard-thumbnails .bwg-item0 {      padding: 0px;            background-color:rgba(255,255,255, 0.30);      border: 0px none #CCCCCC;      opacity: 1.00;      border-radius: 0;      box-shadow: 0px 0px 0px #888888;    }    #bwg_container1_0 #bwg_container2_0 .bwg-container-0.bwg-standard-thumbnails .bwg-item1 img {      max-height: none;      max-width: none;      padding: 0 !important;    }        @media only screen and (min-width: 480px) {      #bwg_container1_0 #bwg_container2_0 .bwg-container-0.bwg-standard-thumbnails .bwg-item0 {        transition: all 0.3s ease 0s;-webkit-transition: all 0.3s ease 0s;      }      #bwg_container1_0 #bwg_container2_0 .bwg-container-0.bwg-standard-thumbnails .bwg-item0:hover {        -ms-transform: scale(1.1);        -webkit-transform: scale(1.1);        transform: scale(1.1);      }    }          #bwg_container1_0 #bwg_container2_0 .bwg-container-0.bwg-standard-thumbnails .bwg-item1 {      padding-top: 77.41935483871%;    }        #bwg_container1_0 #bwg_container2_0 .bwg-container-0.bwg-standard-thumbnails .bwg-title2,    #bwg_container1_0 #bwg_container2_0 .bwg-container-0.bwg-standard-thumbnails .bwg-ecommerce2 {      color: #CCCCCC;      font-family: segoe ui;      font-size: 16px;      font-weight: bold;      padding: 2px;      text-shadow: 0px 0px 0px #888888;      max-height: 100%;    }    #bwg_container1_0 #bwg_container2_0 .bwg-container-0.bwg-standard-thumbnails .bwg-thumb-description span {    color: #323A45;    font-family: Ubuntu;    font-size: 12px;    max-height: 100%;    word-wrap: break-word;    }    #bwg_container1_0 #bwg_container2_0 .bwg-container-0.bwg-standard-thumbnails .bwg-play-icon2 {      font-size: 32px;    }    #bwg_container1_0 #bwg_container2_0 .bwg-container-0.bwg-standard-thumbnails .bwg-ecommerce2 {      font-size: 19.2px;      color: #CCCCCC;    }    <\/style>    <div id=\"bwg_container1_0\"         class=\"bwg_container bwg_thumbnail bwg_thumbnails \"         data-right-click-protection=\"0\"         data-bwg=\"0\"         data-scroll=\"0\"         data-gallery-type=\"thumbnails\"         data-gallery-view-type=\"thumbnails\"         data-current-url=\"\/ru\/wp-json\/wp\/v2\/pages\/30\"         data-lightbox-url=\"https:\/\/www.klombard.ee\/wp-admin\/admin-ajax.php?action=GalleryBox&#038;current_view=0&#038;gallery_id=1&#038;tag=0&#038;theme_id=1&#038;shortcode_id=1&#038;sort_by=order&#038;order_by=asc&#038;current_url=%2Fru%2Fwp-json%2Fwp%2Fv2%2Fpages%2F30\"         data-gallery-id=\"1\"         data-popup-width=\"800\"         data-popup-height=\"500\"         data-is-album=\"gallery\"         data-buttons-position=\"bottom\">      <div id=\"bwg_container2_0\">             <div id=\"ajax_loading_0\" class=\"bwg_loading_div_1\">      <div class=\"bwg_loading_div_2\">        <div class=\"bwg_loading_div_3\">          <div id=\"loading_div_0\" class=\"bwg_spider_ajax_loading\">          <\/div>        <\/div>      <\/div>    <\/div>            <form id=\"gal_front_form_0\"              class=\"bwg-hidden\"              method=\"post\"              action=\"#\"              data-current=\"0\"              data-shortcode-id=\"1\"              data-gallery-type=\"thumbnails\"              data-gallery-id=\"1\"              data-tag=\"0\"              data-album-id=\"0\"              data-theme-id=\"1\"              data-ajax-url=\"https:\/\/www.klombard.ee\/wp-admin\/admin-ajax.php?action=bwg_frontend_data\">          <div id=\"bwg_container3_0\" class=\"bwg-background bwg-background-0\">                <div data-max-count=\"3\"         data-thumbnail-width=\"155\"         data-bwg=\"0\"         data-gallery-id=\"1\"         data-lightbox-url=\"https:\/\/www.klombard.ee\/wp-admin\/admin-ajax.php?action=GalleryBox&amp;current_view=0&amp;gallery_id=1&amp;tag=0&amp;theme_id=1&amp;shortcode_id=1&amp;sort_by=order&amp;order_by=asc&amp;current_url=%2Fru%2Fwp-json%2Fwp%2Fv2%2Fpages%2F30\"         id=\"bwg_thumbnails_0\"         class=\"bwg-container-0 bwg-thumbnails bwg-standard-thumbnails bwg-container bwg-border-box\">            <div class=\"bwg-item\">        <a class=\"bwg-a  bwg_lightbox\"  data-image-id=\"4\" href=\"https:\/\/www.klombard.ee\/wp-content\/uploads\/photo-gallery\/1k.jpg?bwg=1568288495\" data-elementor-open-lightbox=\"no\">                <div class=\"bwg-item0 \">          <div class=\"bwg-item1 \">            <div class=\"bwg-item2\">              <img decoding=\"async\" class=\"skip-lazy bwg_standart_thumb_img_0 \"                   data-id=\"4\"                   data-width=\"500\"                   data-height=\"333\"                   data-src=\"https:\/\/www.klombard.ee\/wp-content\/uploads\/photo-gallery\/thumb\/1k.jpg?bwg=1568288495\"                   src=\"https:\/\/www.klombard.ee\/wp-content\/uploads\/photo-gallery\/thumb\/1k.jpg?bwg=1568288495\"                   alt=\"\u0412\u0438\u0434 1\"                   title=\"\u0412\u0438\u0434 1\" \/>            <\/div>            <div class=\"\">                                                      <\/div>          <\/div>        <\/div>                        <\/a>              <\/div>            <div class=\"bwg-item\">        <a class=\"bwg-a  bwg_lightbox\"  data-image-id=\"5\" href=\"https:\/\/www.klombard.ee\/wp-content\/uploads\/photo-gallery\/2k.jpg?bwg=1568288495\" data-elementor-open-lightbox=\"no\">                <div class=\"bwg-item0 \">          <div class=\"bwg-item1 \">            <div class=\"bwg-item2\">              <img decoding=\"async\" class=\"skip-lazy bwg_standart_thumb_img_0 \"                   data-id=\"5\"                   data-width=\"500\"                   data-height=\"299\"                   data-src=\"https:\/\/www.klombard.ee\/wp-content\/uploads\/photo-gallery\/thumb\/2k.jpg?bwg=1568288495\"                   src=\"https:\/\/www.klombard.ee\/wp-content\/uploads\/photo-gallery\/thumb\/2k.jpg?bwg=1568288495\"                   alt=\"\u0412\u0438\u0434 2\"                   title=\"\u0412\u0438\u0434 2\" \/>            <\/div>            <div class=\"\">                                                      <\/div>          <\/div>        <\/div>                        <\/a>              <\/div>            <div class=\"bwg-item\">        <a class=\"bwg-a  bwg_lightbox\"  data-image-id=\"3\" href=\"https:\/\/www.klombard.ee\/wp-content\/uploads\/photo-gallery\/doc.4.jpg\" data-elementor-open-lightbox=\"no\">                <div class=\"bwg-item0 \">          <div class=\"bwg-item1 \">            <div class=\"bwg-item2\">              <img decoding=\"async\" class=\"skip-lazy bwg_standart_thumb_img_0 \"                   data-id=\"3\"                   data-width=\"300\"                   data-height=\"168\"                   data-src=\"https:\/\/www.klombard.ee\/wp-content\/uploads\/photo-gallery\/thumb\/doc.4.jpg\"                   src=\"https:\/\/www.klombard.ee\/wp-content\/uploads\/photo-gallery\/thumb\/doc.4.jpg\"                   alt=\"doc.4\"                   title=\"doc.4\" \/>            <\/div>            <div class=\"\">                                                      <\/div>          <\/div>        <\/div>                        <\/a>              <\/div>          <\/div>              <\/div>        <\/form>        <style>          #bwg_container1_0 #bwg_container2_0 #spider_popup_overlay_0 {          background-color: #000000;          opacity: 0.70;          }          <\/style>        <div id=\"bwg_spider_popup_loading_0\" class=\"bwg_spider_popup_loading\"><\/div>        <div id=\"spider_popup_overlay_0\" class=\"spider_popup_overlay\" onclick=\"spider_destroypopup(1000)\"><\/div>        <input type=\"hidden\" id=\"bwg_random_seed_0\" value=\"1311312235\">                <\/div>    <\/div>    <script>      if (document.readyState === 'complete') {        if( typeof bwg_main_ready == 'function' ) {          if ( jQuery(\"#bwg_container1_0\").height() ) {            bwg_main_ready(jQuery(\"#bwg_container1_0\"));          }        }      } else {        document.addEventListener('DOMContentLoaded', function() {          if( typeof bwg_main_ready == 'function' ) {            if ( jQuery(\"#bwg_container1_0\").height() ) {             bwg_main_ready(jQuery(\"#bwg_container1_0\"));            }          }        });      }    <\/script>    \n<\/div>\n<p style=\"position: relative; top: 20px;\"><strong>Kesklinna Lombard<\/strong><br \/>\n\u0410\u0434\u0440\u0435\u0441: Manee\u017ei 7, 10117 Tallinn. \u0412\u0445\u043e\u0434 \u0441\u043e \u0434\u0432\u043e\u0440\u0430.<br \/>\nT\u0435\u043b. + 372 56 00 36 00<br \/>\nE-mail: Kesklinnalombard@gmail.com<\/p>\n<p><strong>\u0412\u0440\u0435\u043c\u044f \u0440\u0430\u0431\u043e\u0442\u044b:<\/strong><br \/>\n\u041f\u043e\u043d-\u041f\u0442 : 10.00-20.00,<\/p>\n<p>\u0421\u0431: 10.00-16.00,<\/p>\n<p>\u0412\u0441\u043a : \u0412\u044b\u0445\u043e\u0434\u043d\u043e\u0439.<\/p>\n","protected":false},"excerpt":{"rendered":"<p>\u041f\u043e\u0441\u043c\u043e\u0442\u0440\u0438\u0442\u0435 \u0433\u0434\u0435 \u043c\u044b \u043d\u0430\u0445\u043e\u0434\u0438\u043c\u0441\u044f: \u041e\u0441\u0442\u0430\u043d\u043e\u0432\u043a\u0430 &#171;Kunstiakadeemia&#187; 150 \u043c\u0435\u0442\u0440\u043e\u0432 \u0431\u0430\u0440 &#171;\u0160e\u0161-Be\u0161&#187; Hotell G9 \u043f\u0435\u0440\u0432\u044b\u0439 \u043f\u043e\u0432\u043e\u0440\u043e\u0442 \u043d\u0430\u043f\u0440\u0430\u0432\u043e (\u0432\u0445\u043e\u0434 \u0441\u043e \u0434\u0432\u043e\u0440\u0430) . Kesklinna Lombard \u0410\u0434\u0440\u0435\u0441: Manee\u017ei 7, 10117 Tallinn. \u0412\u0445\u043e\u0434 \u0441\u043e \u0434\u0432\u043e\u0440\u0430. T\u0435\u043b. + 372 56 00 36 00 E-mail: Kesklinnalombard@gmail.com \u0412\u0440\u0435\u043c\u044f \u0440\u0430\u0431\u043e\u0442\u044b: \u041f\u043e\u043d-\u041f\u0442 : 10.00-20.00, \u0421\u0431: 10.00-16.00, \u0412\u0441\u043a : \u0412\u044b\u0445\u043e\u0434\u043d\u043e\u0439.<\/p>\n","protected":false},"author":1,"featured_media":0,"parent":0,"menu_order":0,"comment_status":"closed","ping_status":"closed","template":"","meta":{"footnotes":""},"class_list":["post-30","page","type-page","status-publish","hentry"],"translation":{"provider":"WPGlobus","version":"3.0.2","language":"ru","enabled_languages":["et","ru"],"languages":{"et":{"title":true,"content":true,"excerpt":false},"ru":{"title":true,"content":true,"excerpt":false}}},"_links":{"self":[{"href":"https:\/\/www.klombard.ee\/ru\/wp-json\/wp\/v2\/pages\/30","targetHints":{"allow":["GET"]}}],"collection":[{"href":"https:\/\/www.klombard.ee\/ru\/wp-json\/wp\/v2\/pages"}],"about":[{"href":"https:\/\/www.klombard.ee\/ru\/wp-json\/wp\/v2\/types\/page"}],"author":[{"embeddable":true,"href":"https:\/\/www.klombard.ee\/ru\/wp-json\/wp\/v2\/users\/1"}],"replies":[{"embeddable":true,"href":"https:\/\/www.klombard.ee\/ru\/wp-json\/wp\/v2\/comments?post=30"}],"version-history":[{"count":33,"href":"https:\/\/www.klombard.ee\/ru\/wp-json\/wp\/v2\/pages\/30\/revisions"}],"predecessor-version":[{"id":789,"href":"https:\/\/www.klombard.ee\/ru\/wp-json\/wp\/v2\/pages\/30\/revisions\/789"}],"wp:attachment":[{"href":"https:\/\/www.klombard.ee\/ru\/wp-json\/wp\/v2\/media?parent=30"}],"curies":[{"name":"wp","href":"https:\/\/api.w.org\/{rel}","templated":true}]}}